{"id":6344,"date":"2014-01-19T15:43:06","date_gmt":"2014-01-19T20:43:06","guid":{"rendered":"https:\/\/art-en-ciel.ca\/product\/danseuse-par-michel-serraz"},"modified":"2014-01-19T20:43:06","modified_gmt":"2014-01-19T20:43:06","slug":"danseuse-par-michel-serraz","status":"publish","type":"product","link":"https:\/\/art-en-ciel.ca\/fr\/product\/danseuse-par-michel-serraz","title":{"rendered":"Danseuse par Michel Serraz"},"content":{"rendered":"<p><span style=\"text-decoration: underline;\"><strong>S&rsquo;il vous pla\u00eet, veuillez nous contacter si vous \u00eates int\u00e9ress\u00e9 par cet oeuvre avant de faire le moindre paiement<\/strong><\/span>. Il s&rsquo;agit d&rsquo;une oeuvre en s\u00e9rie limit\u00e9. Ce bronze original a \u00e9t\u00e9 cr\u00e9\u00e9 en 8 exemplaires au total. Il s&rsquo;agit de l&rsquo;un d&rsquo;entre eux.<\/p>\n<p>Michel Serraz est un sculpteur Fran\u00e7ais n\u00e9 \u00e0 Paris en 1925. Il a cr\u00e9\u00e9 de nombreuses sculpture et a \u00e9t\u00e9 tr\u00e8s inspir\u00e9 par la danse et par Maurice B\u00e9jart entre autre. Vous trouverez une r\u00e9f\u00e9rence sur wikipedia pour cet artiste \u00e0 l&rsquo;adresse suivante : <a title=\"Michek Serraz\" href=\"http:\/\/fr.wikipedia.org\/wiki\/Michel_Serraz\" target=\"_blank\">http:\/\/fr.wikipedia.org\/wiki\/Michel_Serraz<\/a>.<\/p>\n<p>\u00a0<\/p>\n","protected":false},"excerpt":{"rendered":"<p>S&rsquo;il vous pla\u00eet, veuillez nous contacter si vous \u00eates int\u00e9ress\u00e9 par cet oeuvre avant de faire le moindre paiement. Il s&rsquo;agit d&rsquo;une oeuvre en s\u00e9rie limit\u00e9. Ce bronze original a \u00e9t\u00e9 cr\u00e9\u00e9 en 8 exemplaires au total. Il s&rsquo;agit de l&rsquo;un d&rsquo;entre eux.<br \/>\nMichel Serraz est un sculpteur Fran\u00e7ais n\u00e9 \u00e0 Paris en 1925. Il a cr\u00e9\u00e9 de nombreuses sculpture et a \u00e9t\u00e9 tr\u00e8s inspir\u00e9 par la danse et par Maurice B\u00e9jart entre autre. Vous trouverez une r\u00e9f\u00e9rence sur wikipedia &#8230;<\/p>\n","protected":false},"featured_media":6342,"comment_status":"open","ping_status":"closed","template":"","meta":[],"product_brand":[],"product_cat":[60],"product_tag":[],"class_list":{"0":"post-6344","1":"product","2":"type-product","3":"status-publish","4":"has-post-thumbnail","6":"product_cat-uncategorized","8":"first","9":"instock","10":"sale","11":"taxable","12":"shipping-taxable","13":"purchasable","14":"product-type-simple"},"_links":{"self":[{"href":"https:\/\/art-en-ciel.ca\/fr\/wp-json\/wp\/v2\/product\/6344","targetHints":{"allow":["GET"]}}],"collection":[{"href":"https:\/\/art-en-ciel.ca\/fr\/wp-json\/wp\/v2\/product"}],"about":[{"href":"https:\/\/art-en-ciel.ca\/fr\/wp-json\/wp\/v2\/types\/product"}],"replies":[{"embeddable":true,"href":"https:\/\/art-en-ciel.ca\/fr\/wp-json\/wp\/v2\/comments?post=6344"}],"wp:featuredmedia":[{"embeddable":true,"href":"https:\/\/art-en-ciel.ca\/fr\/wp-json\/wp\/v2\/media\/6342"}],"wp:attachment":[{"href":"https:\/\/art-en-ciel.ca\/fr\/wp-json\/wp\/v2\/media?parent=6344"}],"wp:term":[{"taxonomy":"product_brand","embeddable":true,"href":"https:\/\/art-en-ciel.ca\/fr\/wp-json\/wp\/v2\/product_brand?post=6344"},{"taxonomy":"product_cat","embeddable":true,"href":"https:\/\/art-en-ciel.ca\/fr\/wp-json\/wp\/v2\/product_cat?post=6344"},{"taxonomy":"product_tag","embeddable":true,"href":"https:\/\/art-en-ciel.ca\/fr\/wp-json\/wp\/v2\/product_tag?post=6344"}],"curies":[{"name":"wp","href":"https:\/\/api.w.org\/{rel}","templated":true}]}}