{"id":5745,"date":"2013-09-02T18:47:07","date_gmt":"2013-09-02T18:47:07","guid":{"rendered":"http:\/\/web2.art-en-ciel.ca\/?post_type=product&#038;p=5745"},"modified":"2013-09-23T03:23:16","modified_gmt":"2013-09-23T03:23:16","slug":"1081-small-rest","status":"publish","type":"product","link":"https:\/\/art-en-ciel.ca\/fr\/product\/1081-small-rest","title":{"rendered":"1081 small rest"},"content":{"rendered":"<p>Aquarelle d&rsquo;un paysage paisible de la Mongolie int\u00e9rieure o\u00f9 les chevaux sont les rois du paysage et o\u00f9 ils aime manger l&rsquo;herbe fra\u00eeche. Bient\u00f4t ils courront peut-\u00eatre \u00e0 travers le d\u00e9sert tout proche.<\/p>\n","protected":false},"excerpt":{"rendered":"<p>Aquarelle d&rsquo;un paysage paisible de la Mongolie int\u00e9rieure o\u00f9 les chevaux sont les rois du paysage et o\u00f9 ils aime manger l&rsquo;herbe fra\u00eeche. Bient\u00f4t ils courront peut-\u00eatre \u00e0 travers le d\u00e9sert tout proche.<\/p>\n","protected":false},"featured_media":5743,"comment_status":"open","ping_status":"closed","template":"","meta":[],"product_brand":[],"product_cat":[60],"product_tag":[],"class_list":{"0":"post-5745","1":"product","2":"type-product","3":"status-publish","4":"has-post-thumbnail","6":"product_cat-uncategorized","8":"first","9":"instock","10":"sale","11":"taxable","12":"shipping-taxable","13":"purchasable","14":"product-type-simple"},"_links":{"self":[{"href":"https:\/\/art-en-ciel.ca\/fr\/wp-json\/wp\/v2\/product\/5745","targetHints":{"allow":["GET"]}}],"collection":[{"href":"https:\/\/art-en-ciel.ca\/fr\/wp-json\/wp\/v2\/product"}],"about":[{"href":"https:\/\/art-en-ciel.ca\/fr\/wp-json\/wp\/v2\/types\/product"}],"replies":[{"embeddable":true,"href":"https:\/\/art-en-ciel.ca\/fr\/wp-json\/wp\/v2\/comments?post=5745"}],"wp:featuredmedia":[{"embeddable":true,"href":"https:\/\/art-en-ciel.ca\/fr\/wp-json\/wp\/v2\/media\/5743"}],"wp:attachment":[{"href":"https:\/\/art-en-ciel.ca\/fr\/wp-json\/wp\/v2\/media?parent=5745"}],"wp:term":[{"taxonomy":"product_brand","embeddable":true,"href":"https:\/\/art-en-ciel.ca\/fr\/wp-json\/wp\/v2\/product_brand?post=5745"},{"taxonomy":"product_cat","embeddable":true,"href":"https:\/\/art-en-ciel.ca\/fr\/wp-json\/wp\/v2\/product_cat?post=5745"},{"taxonomy":"product_tag","embeddable":true,"href":"https:\/\/art-en-ciel.ca\/fr\/wp-json\/wp\/v2\/product_tag?post=5745"}],"curies":[{"name":"wp","href":"https:\/\/api.w.org\/{rel}","templated":true}]}}