{"id":6182,"date":"2013-12-07T11:54:36","date_gmt":"2013-12-07T11:54:36","guid":{"rendered":"https:\/\/art-en-ciel.ca\/?page_id=6182"},"modified":"2013-12-08T05:08:09","modified_gmt":"2013-12-08T05:08:09","slug":"lencadrement-de-photos","status":"publish","type":"page","link":"https:\/\/art-en-ciel.ca\/fr\/blog-2\/lencadrement-de-photos","title":{"rendered":"L&rsquo;encadrement de photos"},"content":{"rendered":"<p>&nbsp;<\/p>\n<p><img loading=\"lazy\" decoding=\"async\" style=\"width: 126px; height: 169px;\" alt=\"\" src=\"https:\/\/art-en-ciel.ca\/wp-content\/uploads\/texture278_76276641_50.jpg\" width=\"413\" height=\"610\" \/>\u00a0\u00a0 <img loading=\"lazy\" decoding=\"async\" style=\"width: 137px; height: 171px;\" alt=\"\" src=\"https:\/\/art-en-ciel.ca\/wp-content\/uploads\/texture221_48274212_44.jpg\" width=\"396\" height=\"501\" \/>\u00a0\u00a0 <img loading=\"lazy\" decoding=\"async\" style=\"width: 156px; height: 172px;\" alt=\"\" src=\"https:\/\/art-en-ciel.ca\/wp-content\/uploads\/texture177_11442968_7.jpg\" width=\"480\" height=\"551\" \/><\/p>\n<p>Il est habituel d\u2019encadrer les photos noir et blanc avec un cadre noir, gris ou argent, mais si ce genre de d\u00e9cor ne vous inspire pas, vous pouvez essayer les tons de bois pour un aspect plus naturel. Les 2 cadres sur la gauche viennent de la collection Homestead de Larson Juhl. Le cadre de droite vient de la collection DEvon de Larson Juhl.<\/p>\n<p>&nbsp;<\/p>\n<p><img loading=\"lazy\" decoding=\"async\" style=\"width: 137px; height: 122px;\" alt=\"\" src=\"https:\/\/art-en-ciel.ca\/wp-content\/uploads\/texture293_32355977_18.jpg\" width=\"352\" height=\"348\" \/>\u00a0 <img loading=\"lazy\" decoding=\"async\" style=\"width: 147px; height: 123px;\" alt=\"\" src=\"https:\/\/art-en-ciel.ca\/wp-content\/uploads\/texture288_246350_12.jpg\" width=\"496\" height=\"489\" \/>\u00a0 <img loading=\"lazy\" decoding=\"async\" style=\"width: 135px; height: 124px;\" alt=\"\" src=\"https:\/\/art-en-ciel.ca\/wp-content\/uploads\/texture299_32515653_46.jpg\" width=\"491\" height=\"471\" \/><\/p>\n<p>Les cadres ci-dessus montrent une photo ancienne encadr\u00e9e avec 3 cadres diff\u00e9rents de la collection Devon de Larson Juhl. Les cadres peuvent sembler larges pour la photo, mais en fait leur largeur compense le fait qu\u2019il n\u2019y a pas de passepartout.<\/p>\n<p>&nbsp;<\/p>\n<p><img loading=\"lazy\" decoding=\"async\" style=\"width: 178px; height: 202px;\" alt=\"\" src=\"https:\/\/art-en-ciel.ca\/wp-content\/uploads\/texture21_40607118_48.jpg\" width=\"492\" height=\"575\" \/>\u00a0\u00a0\u00a0 <img loading=\"lazy\" decoding=\"async\" style=\"width: 171px; height: 202px;\" alt=\"\" src=\"https:\/\/art-en-ciel.ca\/wp-content\/uploads\/texture74_96329878_10.jpg\" width=\"492\" height=\"624\" \/><\/p>\n<p>&nbsp;<\/p>\n<p>Les cadres de la collection Klavier de Larson Juhl sont des classiques qui franchiront l\u2019\u00e9preuve du temps. Il s\u2019agit d\u2019un bon choix pour encadrer des portraits de militaire actuel ou ancien.<\/p>\n<p>&nbsp;<\/p>\n<p><img loading=\"lazy\" decoding=\"async\" style=\"width: 280px; height: 214px;\" alt=\"\" src=\"https:\/\/art-en-ciel.ca\/wp-content\/uploads\/AS4b.jpg\" width=\"466\" height=\"438\" \/><\/p>\n<p>&nbsp;<\/p>\n<p>Encadrez vos h\u00e9ros. Il s\u2019agit d\u2019une excellente fa\u00e7on de rendre hommage \u00e0 ces personnes extraordinaires qui d\u00e9fendent notre pays. Cela peut \u00eatre un cadeau d\u2019anniversaire ou une fa\u00e7on d\u2019honorer une personne qui ne se trouve plus parmi nous.<\/p>\n<p>&nbsp;<\/p>\n<p><img decoding=\"async\" alt=\"\" src=\"https:\/\/art-en-ciel.ca\/wp-content\/uploads\/FM2b.jpg\" \/><\/p>\n<p>Ci-dessus, nous avons cinq photos encadr\u00e9es de mani\u00e8re individuelle. Elles sont regroup\u00e9es et dispos\u00e9es de mani\u00e8re \u00e0 cr\u00e9er un effet particulier. C\u2019est une bonne mani\u00e8re d\u2019encadrer une s\u00e9rie afin de montrer leur unit\u00e9.<\/p>\n<p><img loading=\"lazy\" decoding=\"async\" alt=\"\" src=\"https:\/\/art-en-ciel.ca\/wp-content\/uploads\/199-Rembrandt-Photo-small.jpg\" width=\"160\" height=\"188\" \/>\u00a0\u00a0\u00a0<img loading=\"lazy\" decoding=\"async\" style=\"width: 254px; height: 228px;\" alt=\"\" src=\"https:\/\/art-en-ciel.ca\/wp-content\/uploads\/Velasquez_Wedding_Photo_small.jpg\" width=\"208\" height=\"192\" \/><\/p>\n<p>&nbsp;<\/p>\n<p>Trop souvent, les photographies sont encadr\u00e9es dans des cadres pr\u00eats \u00e0 l\u2019emploi ou dans des cadres photo alors qu\u2019elles pourraient \u00eatre nettement mieux mises en valeur avec un design fait sp\u00e9cialement. Il devrait toujours y avoir un espace entre le verre et la photo. C\u2019est quelque chose qui est trop souvent oubli\u00e9 \u00e0 moins de faire un cadre personnalis\u00e9.<\/p>\n<p>Quand on choisit des passepartouts et des cadres pour les photos, il faut penser au sujet, au style, \u00e0 la surface et au support. Quand ces \u00e9l\u00e9ments sont pris en compte dans votre design cela mettra encore plus en valeur la photo.<\/p>\n<p>\u00c0 moins de poss\u00e9der les n\u00e9gatifs ou os propres fichiers num\u00e9riques, vous devriez les photos comme une \u0153uvre d\u2019art en utilisant des mat\u00e9riaux d\u2019encadrement de qualit\u00e9 conservation.<\/p>\n<p>&nbsp;<\/p>\n<p><img loading=\"lazy\" decoding=\"async\" style=\"width: 172px; height: 276px;\" alt=\"\" src=\"https:\/\/art-en-ciel.ca\/wp-content\/uploads\/100-AnticaMascShadowbox-small.jpg\" width=\"111\" height=\"200\" \/>\u00a0\u00a0 <img loading=\"lazy\" decoding=\"async\" style=\"width: 242px; height: 276px;\" alt=\"\" src=\"https:\/\/art-en-ciel.ca\/wp-content\/uploads\/101-Dog-Framed-small.jpg\" width=\"142\" height=\"177\" \/><\/p>\n<p><img loading=\"lazy\" decoding=\"async\" style=\"width: 429px; height: 289px;\" alt=\"\" src=\"https:\/\/art-en-ciel.ca\/wp-content\/uploads\/ABN-BW-Photo-small.jpg\" width=\"205\" height=\"151\" \/><\/p>\n<p><img decoding=\"async\" alt=\"\" src=\"https:\/\/art-en-ciel.ca\/wp-content\/uploads\/FMBA2_Bandana-562927_beachportrait.r2-b.jpg\" \/>\u00a0\u00a0\u00a0\u00a0<img loading=\"lazy\" decoding=\"async\" alt=\"\" src=\"https:\/\/art-en-ciel.ca\/wp-content\/uploads\/BILLIARD_425980_photopostcard-b.jpg\" width=\"215\" height=\"219\" \/><\/p>\n<p>&nbsp;<\/p>\n<p style=\"text-align: right;\">Credit : Larson Juhl<\/p>\n","protected":false},"excerpt":{"rendered":"<p>&nbsp;<br \/>\n\u00a0\u00a0 \u00a0\u00a0 <br \/>\nIl est habituel d\u2019encadrer les photos noir et blanc avec un cadre noir, gris ou argent, mais si ce genre de d\u00e9cor ne vous inspire pas, vous pouvez essayer les tons de bois pour un aspect plus naturel. Les 2 cadres sur la gauche viennent de la collection Homestead de Larson Juhl. Le cadre de droite vient de la collection DEvon de Larson Juhl.<br \/>\n&nbsp;<br \/>\n\u00a0 \u00a0 <br \/>\nLes cadres ci-dessus montrent une photo ancienne encadr\u00e9e &#8230;<\/p>\n","protected":false},"author":26,"featured_media":0,"parent":6051,"menu_order":0,"comment_status":"closed","ping_status":"closed","template":"template_leftnav.php","meta":{"footnotes":""},"class_list":["post-6182","page","type-page","status-publish","hentry"],"_links":{"self":[{"href":"https:\/\/art-en-ciel.ca\/fr\/wp-json\/wp\/v2\/pages\/6182","targetHints":{"allow":["GET"]}}],"collection":[{"href":"https:\/\/art-en-ciel.ca\/fr\/wp-json\/wp\/v2\/pages"}],"about":[{"href":"https:\/\/art-en-ciel.ca\/fr\/wp-json\/wp\/v2\/types\/page"}],"author":[{"embeddable":true,"href":"https:\/\/art-en-ciel.ca\/fr\/wp-json\/wp\/v2\/users\/26"}],"replies":[{"embeddable":true,"href":"https:\/\/art-en-ciel.ca\/fr\/wp-json\/wp\/v2\/comments?post=6182"}],"version-history":[{"count":10,"href":"https:\/\/art-en-ciel.ca\/fr\/wp-json\/wp\/v2\/pages\/6182\/revisions"}],"predecessor-version":[{"id":6195,"href":"https:\/\/art-en-ciel.ca\/fr\/wp-json\/wp\/v2\/pages\/6182\/revisions\/6195"}],"up":[{"embeddable":true,"href":"https:\/\/art-en-ciel.ca\/fr\/wp-json\/wp\/v2\/pages\/6051"}],"wp:attachment":[{"href":"https:\/\/art-en-ciel.ca\/fr\/wp-json\/wp\/v2\/media?parent=6182"}],"curies":[{"name":"wp","href":"https:\/\/api.w.org\/{rel}","templated":true}]}}