{"id":6111,"date":"2013-12-04T04:12:57","date_gmt":"2013-12-04T04:12:57","guid":{"rendered":"https:\/\/art-en-ciel.ca\/?page_id=6111"},"modified":"2013-12-04T04:14:21","modified_gmt":"2013-12-04T04:14:21","slug":"lart-de-faire-des-cadeaux","status":"publish","type":"page","link":"https:\/\/art-en-ciel.ca\/fr\/blog-2\/lart-de-faire-des-cadeaux","title":{"rendered":"L&rsquo;art de faire des cadeaux"},"content":{"rendered":"<p>La prochaine fois que vous aurez besoin du cadeau parfait, pensez \u00e0 faire un encadrement personnalis\u00e9 d\u2019une \u0153uvre d\u2019art, d\u2019une photo ou bien un souvenir. Les fleurs durent seulement quelques jours, un bon d\u00eener dure 2 ou 3 heures, mais un cadre peut durer toute une vie. Puisque beaucoup de choses peuvent \u00eatre encadr\u00e9es, vous pouvez avoir une id\u00e9e de cadeau pour toutes les occasions. Vous trouverez ici quelques id\u00e9es pour \u00e9largir encore vos choix.<\/p>\n<p>&nbsp;<\/p>\n<p><a href=\"https:\/\/art-en-ciel.ca\/wp-content\/uploads\/gift.jpg\"><img loading=\"lazy\" decoding=\"async\" class=\"aligncenter size-full wp-image-5851\" alt=\"gift\" src=\"https:\/\/art-en-ciel.ca\/wp-content\/uploads\/gift.jpg\" width=\"220\" height=\"179\" \/><\/a><\/p>\n<p>&nbsp;<\/p>\n<p><strong>La Saint-Valentin ou les anniversaires de mariage<\/strong><\/p>\n<p>&nbsp;<\/p>\n<p>Encadrez un portrait de vous m\u00eame avec votre douce moiti\u00e9. Si vous avez fait r\u00e9cemment ensemble un voyage, encadrez un souvenir particulier comme la peinture aborig\u00e8ne montr\u00e9e ci-dessous.<br \/>\n<a href=\"https:\/\/art-en-ciel.ca\/wp-content\/uploads\/Zen-Woman.jpg\"><img loading=\"lazy\" decoding=\"async\" class=\"aligncenter size-full wp-image-5837\" alt=\"Zen Woman\" src=\"https:\/\/art-en-ciel.ca\/wp-content\/uploads\/Zen-Woman.jpg\" width=\"236\" height=\"300\" \/><\/a><\/p>\n<p>&nbsp;<\/p>\n<p><a href=\"https:\/\/art-en-ciel.ca\/wp-content\/uploads\/PorticoAboriginal-small.jpg\"><img loading=\"lazy\" decoding=\"async\" class=\"aligncenter size-full wp-image-5855\" alt=\"PorticoAboriginal small\" src=\"https:\/\/art-en-ciel.ca\/wp-content\/uploads\/PorticoAboriginal-small.jpg\" width=\"188\" height=\"300\" \/><\/a><\/p>\n<p>&nbsp;<\/p>\n<p><strong>La naissance d\u2019un b\u00e9b\u00e9<\/strong><\/p>\n<p>&nbsp;<\/p>\n<p>Quand quelqu\u2019un a un b\u00e9b\u00e9, une excellente mani\u00e8re de f\u00eater l\u2019\u00e9v\u00e8nement c\u2019est d\u2019encadrer une photo ou bien d\u2019encadrer le faire-part de naissance. Vous pouvez aussi demander \u00e0 votre encadreur de d\u00e9couper le nom du b\u00e9b\u00e9 dans un passepartout.<\/p>\n<p>&nbsp;<\/p>\n<p>&nbsp;<\/p>\n<p><a href=\"https:\/\/art-en-ciel.ca\/wp-content\/uploads\/Calais-Baby.jpg\"><img loading=\"lazy\" decoding=\"async\" class=\"aligncenter size-full wp-image-5847\" alt=\"Calais Baby\" src=\"https:\/\/art-en-ciel.ca\/wp-content\/uploads\/Calais-Baby.jpg\" width=\"280\" height=\"281\" srcset=\"https:\/\/art-en-ciel.ca\/wp-content\/uploads\/Calais-Baby.jpg 280w, https:\/\/art-en-ciel.ca\/wp-content\/uploads\/Calais-Baby-150x150.jpg 150w, https:\/\/art-en-ciel.ca\/wp-content\/uploads\/Calais-Baby-100x100.jpg 100w\" sizes=\"auto, (max-width: 280px) 100vw, 280px\" \/><\/a><\/p>\n<p>&nbsp;<\/p>\n<p>&nbsp;<\/p>\n<p><a href=\"https:\/\/art-en-ciel.ca\/wp-content\/uploads\/Confetti-II-Birth-Announcement-b.jpg\"><img loading=\"lazy\" decoding=\"async\" class=\"aligncenter size-full wp-image-5849\" alt=\"Confetti II Birth Announcement b\" src=\"https:\/\/art-en-ciel.ca\/wp-content\/uploads\/Confetti-II-Birth-Announcement-b.jpg\" width=\"250\" height=\"301\" srcset=\"https:\/\/art-en-ciel.ca\/wp-content\/uploads\/Confetti-II-Birth-Announcement-b.jpg 250w, https:\/\/art-en-ciel.ca\/wp-content\/uploads\/Confetti-II-Birth-Announcement-b-249x300.jpg 249w\" sizes=\"auto, (max-width: 250px) 100vw, 250px\" \/><\/a><\/p>\n<p>&nbsp;<\/p>\n<p>&nbsp;<\/p>\n<p><strong>Les remises de dipl\u00f4me<br \/>\n<\/strong><\/p>\n<p>Un dipl\u00f4m\u00e9 aimera voir son dipl\u00f4me dans un cadre personnalis\u00e9 apr\u00e8s avoir travaill\u00e9 autant d\u2019ann\u00e9es pour l\u2019obtenir. Pour ceux ayant particip\u00e9 aux activit\u00e9s de l\u2019\u00e9cole, ils peuvent souhaiter avoir un cadre bo\u00eetier rempli de leurs souvenirs d\u2019\u00e9coles. Bien sur, le portrait photographique r\u00e9alis\u00e9 au moment de la c\u00e9r\u00e9monie de remise des dipl\u00f4mes peut lui aussi \u00eatre encadr\u00e9. En plus, les autres certificats et les autres documents importants peuvent \u00eatre encadr\u00e9s et donn\u00e9s comme cadeau \u00e0 la personne qui les a gagn\u00e9s.<\/p>\n<p>&nbsp;<\/p>\n<p>&nbsp;<\/p>\n<p>&nbsp;<\/p>\n<p><a href=\"https:\/\/art-en-ciel.ca\/wp-content\/uploads\/B13-small.jpg\"><img loading=\"lazy\" decoding=\"async\" class=\"aligncenter size-full wp-image-5843\" alt=\"B13 small\" src=\"https:\/\/art-en-ciel.ca\/wp-content\/uploads\/B13-small.jpg\" width=\"300\" height=\"277\" \/><\/a><\/p>\n<p>&nbsp;<\/p>\n<p>&nbsp;<\/p>\n<p><a href=\"https:\/\/art-en-ciel.ca\/wp-content\/uploads\/Lisbon-Graduate-b.jpg\"><img loading=\"lazy\" decoding=\"async\" class=\"aligncenter size-full wp-image-5853\" alt=\"Lisbon Graduate b\" src=\"https:\/\/art-en-ciel.ca\/wp-content\/uploads\/Lisbon-Graduate-b.jpg\" width=\"250\" height=\"303\" srcset=\"https:\/\/art-en-ciel.ca\/wp-content\/uploads\/Lisbon-Graduate-b.jpg 250w, https:\/\/art-en-ciel.ca\/wp-content\/uploads\/Lisbon-Graduate-b-247x300.jpg 247w\" sizes=\"auto, (max-width: 250px) 100vw, 250px\" \/><\/a><\/p>\n<p>&nbsp;<\/p>\n<p>&nbsp;<\/p>\n<p><strong>Les mariages<\/strong><\/p>\n<p>L\u2019encadrement des souvenirs de mariage est un excellent cadeau pour les jeunes mari\u00e9s ou un tr\u00e9sor pour leurs parents. Les photos de mariage, les cartons d\u2019invitations et les fleurs sont tous d\u2019excellents souvenirs \u00e0 encadrer.<\/p>\n<p>&nbsp;<\/p>\n<p>&nbsp;<\/p>\n<p><a href=\"https:\/\/art-en-ciel.ca\/wp-content\/uploads\/Velasquez_Wedding_Photo_small.jpg\"><img loading=\"lazy\" decoding=\"async\" class=\"aligncenter size-full wp-image-5835\" alt=\"Velasquez_Wedding_Photo_small\" src=\"https:\/\/art-en-ciel.ca\/wp-content\/uploads\/Velasquez_Wedding_Photo_small.jpg\" width=\"300\" height=\"283\" \/><\/a><\/p>\n<p><a href=\"https:\/\/art-en-ciel.ca\/wp-content\/uploads\/Sofia-Mantilla-Bride-2.jpg\"><img loading=\"lazy\" decoding=\"async\" class=\"aligncenter size-full wp-image-5857\" alt=\"Sofia Mantilla Bride 2\" src=\"https:\/\/art-en-ciel.ca\/wp-content\/uploads\/Sofia-Mantilla-Bride-2.jpg\" width=\"200\" height=\"268\" \/><\/a><\/p>\n<p>&nbsp;<\/p>\n<p>&nbsp;<\/p>\n<p><strong>Les f\u00eates d\u2019anniversaire ou les journ\u00e9es sp\u00e9ciales<\/strong><\/p>\n<p>Nous avons tous des go\u00fbts et des int\u00e9r\u00eats diff\u00e9rents. Pensez \u00e0 encadrer quelque chose qui signifiera beaucoup pour la personne \u00e0 qui vous l\u2019offrirez. Par exemple, une petite broderie ou un tableau que vous aurez sp\u00e9cialement faits pour elle. Aussi, tout le monde peut utiliser un miroir encadr\u00e9 qui s\u2019int\u00e9grera parfaitement au d\u00e9cor d\u2019une pi\u00e8ce pr\u00e9cise. Si, vous \u00eates ind\u00e9cis votre encadreur pourra toujours vous fournir des ch\u00e8ques cadeaux.<\/p>\n<p>&nbsp;<\/p>\n<p>&nbsp;<\/p>\n<p><a href=\"https:\/\/art-en-ciel.ca\/wp-content\/uploads\/68-Kenya-Quilt-small.jpg\"><img loading=\"lazy\" decoding=\"async\" class=\"aligncenter size-full wp-image-5839\" alt=\"68  Kenya Quilt small\" src=\"https:\/\/art-en-ciel.ca\/wp-content\/uploads\/68-Kenya-Quilt-small.jpg\" width=\"244\" height=\"300\" \/><\/a><\/p>\n<p><a href=\"https:\/\/art-en-ciel.ca\/wp-content\/uploads\/Acropolis-Impressionistic-Landscape-b.jpg\"><img loading=\"lazy\" decoding=\"async\" class=\"aligncenter size-full wp-image-5841\" alt=\"Acropolis Impressionistic Landscape b\" src=\"https:\/\/art-en-ciel.ca\/wp-content\/uploads\/Acropolis-Impressionistic-Landscape-b.jpg\" width=\"312\" height=\"262\" srcset=\"https:\/\/art-en-ciel.ca\/wp-content\/uploads\/Acropolis-Impressionistic-Landscape-b.jpg 312w, https:\/\/art-en-ciel.ca\/wp-content\/uploads\/Acropolis-Impressionistic-Landscape-b-300x252.jpg 300w\" sizes=\"auto, (max-width: 312px) 100vw, 312px\" \/><\/a><\/p>\n<p>&nbsp;<\/p>\n<p>&nbsp;<\/p>\n<p>&nbsp;<\/p>\n<p><strong>Offrez-vous un cadeau!<\/strong><\/p>\n<p>De temps en temps, nous avons tous le droit de nous acheter quelque chose. Vous pouvez avoir un souvenir que vous avez gard\u00e9 et qui sera parfait dans un cadre. Il se peut aussi que vous ayez besoin d\u2019une \u0153uvre d\u2019art qui viendra compl\u00e9ter \u00e0 merveille le d\u00e9cor d\u2019une nouvelle pi\u00e8ce.<\/p>\n<p>&nbsp;<\/p>\n<p>&nbsp;<\/p>\n<p>&nbsp;<\/p>\n<p><a href=\"https:\/\/art-en-ciel.ca\/wp-content\/uploads\/Bandana-562925_Cheyenne-Sheet-Music-b.jpg\"><img loading=\"lazy\" decoding=\"async\" class=\"aligncenter size-full wp-image-5845\" alt=\"Bandana 562925_Cheyenne Sheet Music b\" src=\"https:\/\/art-en-ciel.ca\/wp-content\/uploads\/Bandana-562925_Cheyenne-Sheet-Music-b.jpg\" width=\"250\" height=\"293\" \/><\/a><\/p>\n<p>&nbsp;<\/p>\n<p><a href=\"https:\/\/art-en-ciel.ca\/wp-content\/uploads\/Sorrento-418910-Liner-x1536-and-x1571_Port-Clyde-Maine-by-Ted-Goerschner-b.jpg\"><img loading=\"lazy\" decoding=\"async\" class=\"aligncenter size-full wp-image-5859\" alt=\"Sorrento 418910, Liner x1536 and x1571_Port Clyde Maine by Ted Goerschner b\" src=\"https:\/\/art-en-ciel.ca\/wp-content\/uploads\/Sorrento-418910-Liner-x1536-and-x1571_Port-Clyde-Maine-by-Ted-Goerschner-b.jpg\" width=\"260\" height=\"213\" \/><\/a><\/p>\n<p>&nbsp;<\/p>\n<p style=\"text-align: right\">Traduction Artt-en-Ciel &#8211; Credit: Larson Juhl<\/p>\n","protected":false},"excerpt":{"rendered":"<p>La prochaine fois que vous aurez besoin du cadeau parfait, pensez \u00e0 faire un encadrement personnalis\u00e9 d\u2019une \u0153uvre d\u2019art, d\u2019une photo ou bien un souvenir. Les fleurs durent seulement quelques jours, un bon d\u00eener dure 2 ou 3 heures, mais un cadre peut durer toute une vie. Puisque beaucoup de choses peuvent \u00eatre encadr\u00e9es, vous pouvez avoir une id\u00e9e de cadeau pour toutes les occasions. Vous trouverez ici quelques id\u00e9es pour \u00e9largir encore vos choix.<br \/>\n&nbsp;<\/p>\n<p>&nbsp;<br \/>\nLa Saint-Valentin &#8230;<\/p>\n","protected":false},"author":26,"featured_media":0,"parent":6051,"menu_order":0,"comment_status":"open","ping_status":"open","template":"template_leftnav.php","meta":{"footnotes":""},"class_list":["post-6111","page","type-page","status-publish","hentry"],"_links":{"self":[{"href":"https:\/\/art-en-ciel.ca\/fr\/wp-json\/wp\/v2\/pages\/6111","targetHints":{"allow":["GET"]}}],"collection":[{"href":"https:\/\/art-en-ciel.ca\/fr\/wp-json\/wp\/v2\/pages"}],"about":[{"href":"https:\/\/art-en-ciel.ca\/fr\/wp-json\/wp\/v2\/types\/page"}],"author":[{"embeddable":true,"href":"https:\/\/art-en-ciel.ca\/fr\/wp-json\/wp\/v2\/users\/26"}],"replies":[{"embeddable":true,"href":"https:\/\/art-en-ciel.ca\/fr\/wp-json\/wp\/v2\/comments?post=6111"}],"version-history":[{"count":3,"href":"https:\/\/art-en-ciel.ca\/fr\/wp-json\/wp\/v2\/pages\/6111\/revisions"}],"predecessor-version":[{"id":6115,"href":"https:\/\/art-en-ciel.ca\/fr\/wp-json\/wp\/v2\/pages\/6111\/revisions\/6115"}],"up":[{"embeddable":true,"href":"https:\/\/art-en-ciel.ca\/fr\/wp-json\/wp\/v2\/pages\/6051"}],"wp:attachment":[{"href":"https:\/\/art-en-ciel.ca\/fr\/wp-json\/wp\/v2\/media?parent=6111"}],"curies":[{"name":"wp","href":"https:\/\/api.w.org\/{rel}","templated":true}]}}