{"id":6072,"date":"2013-10-24T01:43:26","date_gmt":"2013-10-24T01:43:26","guid":{"rendered":"https:\/\/art-en-ciel.ca\/?page_id=6072"},"modified":"2013-12-03T04:59:03","modified_gmt":"2013-12-03T04:59:03","slug":"framing-art-on-paper","status":"publish","type":"page","link":"https:\/\/art-en-ciel.ca\/fr\/blog-2\/framing-art-on-paper","title":{"rendered":"encadrement du papier"},"content":{"rendered":"<p><strong><strong>Les impressions en \u00e9dition ouverte (s\u00e9ries non limit\u00e9es)<\/strong><\/strong><\/p>\n<p>&nbsp;<\/p>\n<p><a href=\"https:\/\/art-en-ciel.ca\/wp-content\/uploads\/Confetti-Sunflower-small.jpg\"><img loading=\"lazy\" decoding=\"async\" class=\"aligncenter size-full wp-image-5947\" alt=\"Confetti Sunflower small\" src=\"https:\/\/art-en-ciel.ca\/wp-content\/uploads\/Confetti-Sunflower-small.jpg\" width=\"167\" height=\"182\" \/><\/a><\/p>\n<p>&nbsp;<\/p>\n<p><a href=\"https:\/\/art-en-ciel.ca\/wp-content\/uploads\/Autumn_Serenity.jpg\"><img loading=\"lazy\" decoding=\"async\" class=\"aligncenter size-full wp-image-5935\" alt=\"Autumn_Serenity\" src=\"https:\/\/art-en-ciel.ca\/wp-content\/uploads\/Autumn_Serenity.jpg\" width=\"167\" height=\"196\" \/><\/a><\/p>\n<p>&nbsp;<\/p>\n<p>Ces impressions sont souvent les types d\u2019art les moins chers. La plupart sont produites en grand volume et imprim\u00e9es sur du papier et avec de l\u2019encre de moins bonne qualit\u00e9. Si l\u2019image est populaire, l\u2019\u00e9diteur l\u2019imprimera tant que la demande pour cette image existe. Ces impressions sont habituellement encadr\u00e9es en utilisant un passepartout et un verre. Ces impressions bon march\u00e9 sont souvent encadr\u00e9es de mani\u00e8re \u00e0 se fondre dans le d\u00e9cor de la pi\u00e8ce o\u00f9 elles seront accroch\u00e9es. Du fait du bas co\u00fbt de ses \u00e9ditions non limit\u00e9es, vous pouvez choisir de ne pas utiliser ce qu\u2019il y a de meilleur pour la pr\u00e9servation de ces \u0153uvres, mais n\u2019oubliez pas que quelque soit la qualit\u00e9 des \u0153uvres, plus la qualit\u00e9 des mat\u00e9riaux d\u2019encadrement est \u00e9lev\u00e9e meilleure sera la dur\u00e9e de conservation de l\u2019art qu\u2019ils prot\u00e8gent.<br \/>\nCertains \u00e9diteurs utilisent des imprimantes, des encres et des papiers de haute qualit\u00e9 pour produire des gicl\u00e9es. Beaucoup d\u2019entre elles sont des s\u00e9ries non limit\u00e9es, mais elles sont tout de m\u00eame d\u2019une qualit\u00e9 proche de beaucoup d\u2019impressions faites en s\u00e9rie limit\u00e9e.<br \/>\n<strong><strong><\/strong><\/strong><\/p>\n<p><strong>Les impressions en s\u00e9rie limit\u00e9e<\/strong><\/p>\n<p>&nbsp;<\/p>\n<p><a href=\"https:\/\/art-en-ciel.ca\/wp-content\/uploads\/Deco_Etching-small.jpg\"><img loading=\"lazy\" decoding=\"async\" class=\"aligncenter size-full wp-image-5955\" alt=\"Deco_Etching small\" src=\"https:\/\/art-en-ciel.ca\/wp-content\/uploads\/Deco_Etching-small.jpg\" width=\"279\" height=\"300\" \/><\/a><\/p>\n<p>&nbsp;<\/p>\n<p><a href=\"https:\/\/art-en-ciel.ca\/wp-content\/uploads\/PETITE_FM_224963162387120660_Leaves-by-J-Mayer_small.jpg\"><img loading=\"lazy\" decoding=\"async\" class=\"aligncenter size-full wp-image-5957\" alt=\"PETITE_FM_224963&amp;162387&amp;120660_Leaves by J Mayer_small\" src=\"https:\/\/art-en-ciel.ca\/wp-content\/uploads\/PETITE_FM_224963162387120660_Leaves-by-J-Mayer_small.jpg\" width=\"200\" height=\"143\" \/><\/a><\/p>\n<p>Au contraire des impressions en s\u00e9rie non limit\u00e9e, les impressions en s\u00e9rie limit\u00e9e ont le potentiel d\u2019augmenter leur valeur. Quand un artiste est d\u2019accord pour \u00e9diter un nombre limit\u00e9 d\u2019exemplaires de son \u0153uvre, les impressions en question ont tendance \u00e0 voir leur prix initial un peu plus \u00e9lev\u00e9. Pour s\u2019assurer que la valeur actuelle et future de l\u2019\u0153uvre est bien prot\u00e9g\u00e9e, un encadrement de conservation est sugg\u00e9r\u00e9. Les \u00e9ditions limit\u00e9es sont trait\u00e9es plus comme des \u0153uvres originales dans le sens o\u00f9 elles sont en g\u00e9n\u00e9ral encadr\u00e9es de mani\u00e8re plus classique et neutre.<\/p>\n<p><strong>Aquarelles<a href=\"https:\/\/art-en-ciel.ca\/wp-content\/uploads\/B160-small.jpg\"><img loading=\"lazy\" decoding=\"async\" class=\"aligncenter size-full wp-image-5941\" alt=\"B160 small\" src=\"https:\/\/art-en-ciel.ca\/wp-content\/uploads\/B160-small.jpg\" width=\"226\" height=\"300\" \/><\/a><\/strong><\/p>\n<p><a href=\"https:\/\/art-en-ciel.ca\/wp-content\/uploads\/Aubusson-Bus-Stop-1bb.jpg\"><img loading=\"lazy\" decoding=\"async\" class=\"aligncenter size-full wp-image-5933\" alt=\"Aubusson Bus Stop 1bb\" src=\"https:\/\/art-en-ciel.ca\/wp-content\/uploads\/Aubusson-Bus-Stop-1bb.jpg\" width=\"150\" height=\"169\" \/><\/a><\/p>\n<p>&nbsp;<\/p>\n<p>Les aquarelles sont habituellement encadr\u00e9es avec un passepartout et un verre ou un plastique transparent en acrylique. Les aquarelles semblent souvent l\u00e9g\u00e8res et avec des effets de transparences. Pour conserver cet aspect, il faut \u00e9viter les passepartouts qui sont trop fonc\u00e9s et trop lourds.<br \/>\n<span style=\"text-decoration: underline;\">Astuce\u00a0:<\/span> Les aquarelles sont des \u0153uvres originales. Assurez-vous que celles-ci sont prot\u00e9g\u00e9es de mani\u00e8re ad\u00e9quate en utilisant des mat\u00e9riaux d\u2019encadrement de qualit\u00e9 mus\u00e9e pour prot\u00e9ger leur valeur et leur long\u00e9vit\u00e9.<\/p>\n<p>&nbsp;<\/p>\n<p>&nbsp;<\/p>\n<p><strong>Les Pastels<a href=\"https:\/\/art-en-ciel.ca\/wp-content\/uploads\/13a-Ansley-Yellow-Building-small.jpg\"><img loading=\"lazy\" decoding=\"async\" class=\"aligncenter size-full wp-image-5925\" alt=\"13a Ansley Yellow Building small\" src=\"https:\/\/art-en-ciel.ca\/wp-content\/uploads\/13a-Ansley-Yellow-Building-small.jpg\" width=\"300\" height=\"300\" srcset=\"https:\/\/art-en-ciel.ca\/wp-content\/uploads\/13a-Ansley-Yellow-Building-small.jpg 300w, https:\/\/art-en-ciel.ca\/wp-content\/uploads\/13a-Ansley-Yellow-Building-small-150x150.jpg 150w, https:\/\/art-en-ciel.ca\/wp-content\/uploads\/13a-Ansley-Yellow-Building-small-100x100.jpg 100w\" sizes=\"auto, (max-width: 300px) 100vw, 300px\" \/><\/a><\/strong><\/p>\n<p>&nbsp;<\/p>\n<p><a href=\"https:\/\/art-en-ciel.ca\/wp-content\/uploads\/Deco-Back-40-b.jpg\"><img loading=\"lazy\" decoding=\"async\" class=\"aligncenter size-full wp-image-5953\" alt=\"Deco Back 40 b\" src=\"https:\/\/art-en-ciel.ca\/wp-content\/uploads\/Deco-Back-40-b.jpg\" width=\"217\" height=\"200\" \/><\/a><\/p>\n<p>&nbsp;<\/p>\n<p>Les pastels sont comme de la craie. Si vous touchez la surface d\u2019une \u0153uvre faite en pastel, cela peut la tacher que ce soit une \u0153uvre cr\u00e9\u00e9e r\u00e9cemment ou non. Pour pr\u00e9venir ceci, les pastels doivent \u00eatre plac\u00e9s derri\u00e8re une vitre. Quand un pastel est entour\u00e9 d\u2019un passepartout, le bord dur du passepartout peut laisser une marque ind\u00e9l\u00e9bile sur l\u2019art. Pour pr\u00e9venir ceci, on sur\u00e9l\u00e8ve l\u2019\u0153uvre au-dessus d\u2019un passepartout (technique similaire au cadre flottant). Si le pastel encadr\u00e9 est accidentellement heurt\u00e9,\u00a0 on a aussi le probl\u00e8me de la poussi\u00e8re qui peut tomber sur le verre ou bien se retrouver pi\u00e9g\u00e9 entre le verre et le passepartout. Pour r\u00e9gler ce probl\u00e8me, un deuxi\u00e8me passepartout avec une ouverture doit \u00eatre ajout\u00e9 ainsi qu\u2019une entretoise afin de maintenir un espace entre l\u2019\u0153uvre et ce second passepartout. Ceci cr\u00e9era un espace qui permettra \u00e0 la poussi\u00e8re de tomber derri\u00e8re le passepartout et elle restera ainsi invisible.<\/p>\n<p><span style=\"text-decoration: underline;\">Astuce\u00a0:<\/span> Il faut mieux \u00e9viter de couvrir un pastel par une plaque acrylique transparente. En effet, les mati\u00e8res plastiques sont beaucoup plus sensibles \u00e0 l\u2019\u00e9lectricit\u00e9 statique et l\u2019acrylique peut donc attirer la poussi\u00e8re venant du pastel. Au final, cela cr\u00e9era un gros g\u00e2chis. Les pastels devraient \u00eatre encadr\u00e9s avec des mat\u00e9riaux de qualit\u00e9 mus\u00e9e.<\/p>\n<p>&nbsp;<\/p>\n<p>&nbsp;<\/p>\n<p><strong>Les gravures et les esquisses<\/strong><\/p>\n<p>&nbsp;<\/p>\n<p><a href=\"https:\/\/art-en-ciel.ca\/wp-content\/uploads\/209-Portico-Snowfall-small.jpg\"><img loading=\"lazy\" decoding=\"async\" class=\"aligncenter size-full wp-image-5929\" alt=\"209 Portico Snowfall small\" src=\"https:\/\/art-en-ciel.ca\/wp-content\/uploads\/209-Portico-Snowfall-small.jpg\" width=\"297\" height=\"276\" \/><\/a><\/p>\n<p>&nbsp;<\/p>\n<p>&nbsp;<\/p>\n<p><a href=\"https:\/\/art-en-ciel.ca\/wp-content\/uploads\/220-Ambrosia-Etching-b.jpg\"><img loading=\"lazy\" decoding=\"async\" class=\"aligncenter size-full wp-image-5931\" alt=\"220 Ambrosia Etching b\" src=\"https:\/\/art-en-ciel.ca\/wp-content\/uploads\/220-Ambrosia-Etching-b.jpg\" width=\"208\" height=\"200\" \/><\/a><\/p>\n<p>&nbsp;<\/p>\n<p>Quand on encadre des gravures ou des esquisses, il est habituel d\u2019utiliser des passepartouts et de placer ces \u0153uvres derri\u00e8re une surface transparente que ce soit en verre ou en acrylique. La taille du cadre devrait \u00eatre proportionnelle \u00e0 la taille et \u00e0 la qualit\u00e9 des lignes contenues dans l\u2019\u0153uvre.<\/p>\n<p><span style=\"text-decoration: underline;\">Astuce:<\/span> Les gravures et les esquisses sont faites de lignes fines et d\u00e9licates qui peuvent \u00eatre englouties par le design du cadre qui utiliserait des couleurs ou des motifs fort. Il est donc mieux d\u2019utiliser des passepartouts neutres et des moulures avec des textures et des motifs discrets. Il faut utiliser des mat\u00e9riaux de qualit\u00e9 mus\u00e9e pour prot\u00e9ger les \u0153uvres originales.<br \/>\n<strong>Les affiches<a href=\"https:\/\/art-en-ciel.ca\/wp-content\/uploads\/10-Ansley-Africa-Poster-small.jpg\"><img loading=\"lazy\" decoding=\"async\" class=\"aligncenter size-full wp-image-5923\" alt=\"10 Ansley Africa Poster small\" src=\"https:\/\/art-en-ciel.ca\/wp-content\/uploads\/10-Ansley-Africa-Poster-small.jpg\" width=\"233\" height=\"301\" srcset=\"https:\/\/art-en-ciel.ca\/wp-content\/uploads\/10-Ansley-Africa-Poster-small.jpg 233w, https:\/\/art-en-ciel.ca\/wp-content\/uploads\/10-Ansley-Africa-Poster-small-232x300.jpg 232w\" sizes=\"auto, (max-width: 233px) 100vw, 233px\" \/><\/a><\/strong><\/p>\n<p>&nbsp;<\/p>\n<p><a href=\"https:\/\/art-en-ciel.ca\/wp-content\/uploads\/Confetti-Samba-DOrpheus-New-Orleans-HR-b.jpg\"><img loading=\"lazy\" decoding=\"async\" class=\"aligncenter size-full wp-image-5945\" alt=\"Confetti Samba D'Orpheus New Orleans HR b\" src=\"https:\/\/art-en-ciel.ca\/wp-content\/uploads\/Confetti-Samba-DOrpheus-New-Orleans-HR-b.jpg\" width=\"200\" height=\"241\" \/><\/a><\/p>\n<p>Les affiches sont souvent consid\u00e9r\u00e9es comme \u00e9tant inf\u00e9rieures aux autres types d\u2019impression. Il est vrai que certaines d\u2019entres elles sont imprim\u00e9es sur pu papier de pi\u00e8tre qualit\u00e9 et avec des encres bon march\u00e9. Cependant beaucoup d\u2019affiches sont quand m\u00eame de tr\u00e8s haute qualit\u00e9. Donc, plut\u00f4t que d\u2019encadrer une affiche dans un cadre standard bon march\u00e9, il pourrait \u00eatre judicieux d\u2019utiliser un passepartout et de superposer des moulures comme pour les autres types d\u2019art. Cela pourrait ainsi donner l\u2019impression que l\u2019affiche est une v\u00e9ritable \u0153uvre d\u2019art.<\/p>\n<p>&nbsp;<\/p>\n<p><span style=\"text-decoration: underline;\">Astuce:<\/span> Les affiches tout comme les autres types d\u2019art, ne devraient jamais venir au contact direct du verre. Les affiches sont souvent encadr\u00e9es sans passepartout, il faut donc \u00eatre s\u00fbr de mettre une entretoise pour \u00e9viter que le verre touche \u00e0 l\u2019affiche une fois que celle-ci est encadr\u00e9e.<\/p>\n<p>&nbsp;<\/p>\n<p><strong>Les dipl\u00f4mes<\/strong><\/p>\n<p><a href=\"https:\/\/art-en-ciel.ca\/wp-content\/uploads\/B14-small.jpg\"><img loading=\"lazy\" decoding=\"async\" class=\"aligncenter size-full wp-image-5939\" alt=\"B14 small\" src=\"https:\/\/art-en-ciel.ca\/wp-content\/uploads\/B14-small.jpg\" width=\"300\" height=\"276\" \/><\/a><\/p>\n<p>&nbsp;<\/p>\n<p><a href=\"https:\/\/art-en-ciel.ca\/wp-content\/uploads\/B13-small1.jpg\"><img loading=\"lazy\" decoding=\"async\" class=\"aligncenter size-full wp-image-5937\" alt=\"B13 small\" src=\"https:\/\/art-en-ciel.ca\/wp-content\/uploads\/B13-small1.jpg\" width=\"300\" height=\"277\" \/><\/a><\/p>\n<p>&nbsp;<\/p>\n<p>Quand on r\u00e9fl\u00e9chit au prix des \u00e9tudes, un dipl\u00f4me est le morceau de papier le plus cher que la plupart des personnes poss\u00e9deront. Il devrait donc \u00eatre soigneusement prot\u00e9g\u00e9 et mis en valeur en utilisant des mat\u00e9riaux d\u2019encadrement de bonne qualit\u00e9. Comme un dipl\u00f4me peut-\u00eatre utilis\u00e9 dans un bureau pour une carri\u00e8re enti\u00e8re, il faut mieux choisir un design classique qui durera longtemps.<\/p>\n<p><span style=\"text-decoration: underline;\">Astuce\u00a0:<\/span> Utilisez des passepartouts neutres comme cela, cela conviendra, quel que soit l\u2019environnement o\u00f9 vous accrocherez votre dipl\u00f4me pour les ann\u00e9es \u00e0 venir.<\/p>\n<p>&nbsp;<\/p>\n<p><strong>Les documents anciens et les autres types d\u2019objets<\/strong><\/p>\n<p>&nbsp;<\/p>\n<p><strong><a href=\"https:\/\/art-en-ciel.ca\/wp-content\/uploads\/Windermere_Map-small.jpg\"><img loading=\"lazy\" decoding=\"async\" class=\"aligncenter size-full wp-image-5921\" alt=\"Windermere_Map small\" src=\"https:\/\/art-en-ciel.ca\/wp-content\/uploads\/Windermere_Map-small.jpg\" width=\"300\" height=\"260\" \/><\/a><\/strong><\/p>\n<p>&nbsp;<\/p>\n<p><a href=\"https:\/\/art-en-ciel.ca\/wp-content\/uploads\/182-Soho-Stamps-2-b.jpg\"><img loading=\"lazy\" decoding=\"async\" class=\"aligncenter size-full wp-image-5927\" alt=\"182 Soho Stamps 2 b\" src=\"https:\/\/art-en-ciel.ca\/wp-content\/uploads\/182-Soho-Stamps-2-b.jpg\" width=\"200\" height=\"194\" \/><\/a><\/p>\n<p>&nbsp;<\/p>\n<p>&nbsp;<\/p>\n<p>Cette cat\u00e9gorie regroupe tous les autres objets sur papier. Vous pouvez vouloir encadrer des timbres, des cartes d\u2019invitation de mariage, des titres de propri\u00e9t\u00e9, de la calligraphie pour en nommer juste quelques-uns. Que les objets soient en bonne condition ou non, il est toujours pr\u00e9f\u00e9rable d\u2019utiliser la meilleure qualit\u00e9 et les meilleures techniques pour les encadrements afin de les prot\u00e9ger des d\u00e9gradations suppl\u00e9mentaires.<\/p>\n<p><span style=\"text-decoration: underline;\">Astuce\u00a0:<\/span> Les bords d\u00e9chir\u00e9s ou en lambeau et m\u00eame des parties manquantes peuvent am\u00e9liorer et mettre en relief l\u2019\u00e2ge de ces objets. Il est habituel de les sur\u00e9lever au-dessus d\u2019un passepartout et les mettre ainsi en relief.<\/p>\n<p>&nbsp;<\/p>\n<p><strong>Les photos<a href=\"https:\/\/art-en-ciel.ca\/wp-content\/uploads\/Windermere-Framed-Model-small.jpg\"><img loading=\"lazy\" decoding=\"async\" class=\"aligncenter size-full wp-image-5919\" alt=\"Windermere Framed Model small\" src=\"https:\/\/art-en-ciel.ca\/wp-content\/uploads\/Windermere-Framed-Model-small.jpg\" width=\"300\" height=\"257\" \/><\/a><\/strong><\/p>\n<p>&nbsp;<\/p>\n<p><a href=\"https:\/\/art-en-ciel.ca\/wp-content\/uploads\/Taffy-172408_No-Shoes-No-Shirt_small.jpg\"><img loading=\"lazy\" decoding=\"async\" class=\"aligncenter size-full wp-image-5917\" alt=\"Taffy 172408_No Shoes No Shirt_small\" src=\"https:\/\/art-en-ciel.ca\/wp-content\/uploads\/Taffy-172408_No-Shoes-No-Shirt_small.jpg\" width=\"200\" height=\"156\" \/><\/a><\/p>\n<p>&nbsp;<\/p>\n<p>Les photos sont imprim\u00e9es sur du papier et peuvent ainsi \u00eatre encadr\u00e9es comme les autres \u0153uvres en utilisant des passepartouts et des baguettes qui font ressortir la personnalit\u00e9 unique de l\u2019image.<\/p>\n<p>&nbsp;<\/p>\n<p><strong>L\u2019art des enfants<a href=\"https:\/\/art-en-ciel.ca\/wp-content\/uploads\/Color1b.jpg\"><img loading=\"lazy\" decoding=\"async\" class=\"aligncenter size-full wp-image-5943\" alt=\"Color1b\" src=\"https:\/\/art-en-ciel.ca\/wp-content\/uploads\/Color1b.jpg\" width=\"264\" height=\"311\" srcset=\"https:\/\/art-en-ciel.ca\/wp-content\/uploads\/Color1b.jpg 264w, https:\/\/art-en-ciel.ca\/wp-content\/uploads\/Color1b-254x300.jpg 254w\" sizes=\"auto, (max-width: 264px) 100vw, 264px\" \/><\/a><\/strong><\/p>\n<p>&nbsp;<\/p>\n<p>Comme on a pu le voir \u00e0 Las Vegas en 2011 lors du salon de l\u2019encadrement.<\/p>\n<p>La \u00ab\u00a0queue\u00a0\u00bb du cerf-volant s\u2019\u00e9tendait en fait sou le cadre avec des crayons suppl\u00e9mentaires espac\u00e9s r\u00e9guli\u00e8rement comme le montre la photo ci-dessus.<\/p>\n<p>&nbsp;<\/p>\n<p>&nbsp;<\/p>\n<p><strong>Les silhouettes<a href=\"https:\/\/art-en-ciel.ca\/wp-content\/uploads\/Copy-of-LBF1R2.jpg\"><img loading=\"lazy\" decoding=\"async\" class=\"aligncenter size-medium wp-image-5951\" alt=\"Copy of LBF1R2\" src=\"https:\/\/art-en-ciel.ca\/wp-content\/uploads\/Copy-of-LBF1R2-300x300.jpg\" width=\"300\" height=\"300\" srcset=\"https:\/\/art-en-ciel.ca\/wp-content\/uploads\/Copy-of-LBF1R2-300x299.jpg 300w, https:\/\/art-en-ciel.ca\/wp-content\/uploads\/Copy-of-LBF1R2-150x150.jpg 150w, https:\/\/art-en-ciel.ca\/wp-content\/uploads\/Copy-of-LBF1R2-100x100.jpg 100w, https:\/\/art-en-ciel.ca\/wp-content\/uploads\/Copy-of-LBF1R2.jpg 558w\" sizes=\"auto, (max-width: 300px) 100vw, 300px\" \/><\/a><\/strong><\/p>\n<p><a href=\"https:\/\/art-en-ciel.ca\/wp-content\/uploads\/Copy-of-LBF1L2.jpg\"><img loading=\"lazy\" decoding=\"async\" class=\"aligncenter size-medium wp-image-5949\" alt=\"Copy of LBF1L2\" src=\"https:\/\/art-en-ciel.ca\/wp-content\/uploads\/Copy-of-LBF1L2-300x300.jpg\" width=\"300\" height=\"300\" srcset=\"https:\/\/art-en-ciel.ca\/wp-content\/uploads\/Copy-of-LBF1L2-300x301.jpg 300w, https:\/\/art-en-ciel.ca\/wp-content\/uploads\/Copy-of-LBF1L2-150x150.jpg 150w, https:\/\/art-en-ciel.ca\/wp-content\/uploads\/Copy-of-LBF1L2-100x100.jpg 100w, https:\/\/art-en-ciel.ca\/wp-content\/uploads\/Copy-of-LBF1L2.jpg 613w\" sizes=\"auto, (max-width: 300px) 100vw, 300px\" \/><\/a><\/p>\n<p>&nbsp;<\/p>\n<p>&nbsp;<\/p>\n<p>&nbsp;<\/p>\n<p>Au salon de l\u2019encadrement de Las Vegas en 2011, on a pu aussi voir les \u0153uvres ci-dessus.<\/p>\n<p>Les passepartouts \u00e9taient couverts de papier de scrapbooking<\/p>\n<p>&nbsp;<\/p>\n<div id=\"content\">\n<p style=\"text-align: right;\">Traduction Art-en-Ciel &#8211; Credit : Larson Juhl<\/p>\n<\/div>\n","protected":false},"excerpt":{"rendered":"<p>Les impressions en \u00e9dition ouverte (s\u00e9ries non limit\u00e9es)<br \/>\n&nbsp;<\/p>\n<p>&nbsp;<\/p>\n<p>&nbsp;<br \/>\nCes impressions sont souvent les types d\u2019art les moins chers. La plupart sont produites en grand volume et imprim\u00e9es sur du papier et avec de l\u2019encre de moins bonne qualit\u00e9. Si l\u2019image est populaire, l\u2019\u00e9diteur l\u2019imprimera tant que la demande pour cette image existe. Ces impressions sont habituellement encadr\u00e9es en utilisant un passepartout et un verre. Ces impressions bon march\u00e9 sont souvent encadr\u00e9es de mani\u00e8re \u00e0 se &#8230;<\/p>\n","protected":false},"author":26,"featured_media":0,"parent":6051,"menu_order":0,"comment_status":"open","ping_status":"open","template":"template_leftnav.php","meta":{"footnotes":""},"class_list":["post-6072","page","type-page","status-publish","hentry"],"_links":{"self":[{"href":"https:\/\/art-en-ciel.ca\/fr\/wp-json\/wp\/v2\/pages\/6072","targetHints":{"allow":["GET"]}}],"collection":[{"href":"https:\/\/art-en-ciel.ca\/fr\/wp-json\/wp\/v2\/pages"}],"about":[{"href":"https:\/\/art-en-ciel.ca\/fr\/wp-json\/wp\/v2\/types\/page"}],"author":[{"embeddable":true,"href":"https:\/\/art-en-ciel.ca\/fr\/wp-json\/wp\/v2\/users\/26"}],"replies":[{"embeddable":true,"href":"https:\/\/art-en-ciel.ca\/fr\/wp-json\/wp\/v2\/comments?post=6072"}],"version-history":[{"count":20,"href":"https:\/\/art-en-ciel.ca\/fr\/wp-json\/wp\/v2\/pages\/6072\/revisions"}],"predecessor-version":[{"id":6104,"href":"https:\/\/art-en-ciel.ca\/fr\/wp-json\/wp\/v2\/pages\/6072\/revisions\/6104"}],"up":[{"embeddable":true,"href":"https:\/\/art-en-ciel.ca\/fr\/wp-json\/wp\/v2\/pages\/6051"}],"wp:attachment":[{"href":"https:\/\/art-en-ciel.ca\/fr\/wp-json\/wp\/v2\/media?parent=6072"}],"curies":[{"name":"wp","href":"https:\/\/api.w.org\/{rel}","templated":true}]}}