{"id":6049,"date":"2013-11-23T04:41:40","date_gmt":"2013-11-23T04:41:40","guid":{"rendered":"https:\/\/art-en-ciel.ca\/?page_id=6049"},"modified":"2017-06-18T01:18:25","modified_gmt":"2017-06-18T05:18:25","slug":"art-sur-toile","status":"publish","type":"page","link":"https:\/\/art-en-ciel.ca\/fr\/blog-2\/art-sur-toile","title":{"rendered":"encadrement des toiles"},"content":{"rendered":"<p>Il y a six diff\u00e9rentes fa\u00e7ons d\u2019encadrer ou de pr\u00e9senter une toile. Bien s\u00fbr le fait qu\u2019il existe un nombre \u00e9lev\u00e9 de moulures rend vos choix de design presque infini.<\/p>\n<p>&nbsp;<\/p>\n<p><strong>MOULURE SIMPLE<\/strong><\/p>\n<p>&nbsp;<\/p>\n<p><a href=\"https:\/\/art-en-ciel.ca\/wp-content\/uploads\/Cezanne_540950_Untitled-Still-Life_1121881_Felipe-Santamans-b.jpg\"><img loading=\"lazy\" decoding=\"async\" class=\"aligncenter size-full wp-image-5878\" src=\"https:\/\/art-en-ciel.ca\/wp-content\/uploads\/Cezanne_540950_Untitled-Still-Life_1121881_Felipe-Santamans-b.jpg\" alt=\"Cezanne_540950_Untitled Still Life_1121881_Felipe Santamans b\" width=\"331\" height=\"394\" srcset=\"https:\/\/art-en-ciel.ca\/wp-content\/uploads\/Cezanne_540950_Untitled-Still-Life_1121881_Felipe-Santamans-b.jpg 331w, https:\/\/art-en-ciel.ca\/wp-content\/uploads\/Cezanne_540950_Untitled-Still-Life_1121881_Felipe-Santamans-b-300x357.jpg 300w, https:\/\/art-en-ciel.ca\/wp-content\/uploads\/Cezanne_540950_Untitled-Still-Life_1121881_Felipe-Santamans-b-252x300.jpg 252w\" sizes=\"auto, (max-width: 331px) 100vw, 331px\" \/><\/a><\/p>\n<p>&nbsp;<\/p>\n<p>&nbsp;<\/p>\n<p><a href=\"https:\/\/art-en-ciel.ca\/wp-content\/uploads\/BBB_5780_cropped.jpg\"><img loading=\"lazy\" decoding=\"async\" class=\"aligncenter size-full wp-image-5876\" src=\"https:\/\/art-en-ciel.ca\/wp-content\/uploads\/BBB_5780_cropped.jpg\" alt=\"BBB_5780_cropped\" width=\"459\" height=\"393\" srcset=\"https:\/\/art-en-ciel.ca\/wp-content\/uploads\/BBB_5780_cropped.jpg 459w, https:\/\/art-en-ciel.ca\/wp-content\/uploads\/BBB_5780_cropped-300x257.jpg 300w\" sizes=\"auto, (max-width: 459px) 100vw, 459px\" \/><\/a><\/p>\n<p>&nbsp;<\/p>\n<p>Quand une seule baguette est utilis\u00e9e, pensez que celle-ci doit compenser ce qui n\u2019est pas pr\u00e9sent. Par exemple, un passe-partout et des filets ajouteraient une touche de couleur et de texture \u00e0 votre design en comparaison de la m\u00eame \u0153uvre sur papier. Une seule baguette peut remplacer ces \u00e9l\u00e9ments si elle est plus large et qu\u2019elle a un aspect textur\u00e9 ou bien des d\u00e9corations.<\/p>\n<p>&nbsp;<\/p>\n<p><strong>MARIE-LOUISE &amp; CADRE<\/strong><\/p>\n<p>&nbsp;<\/p>\n<p><a href=\"https:\/\/art-en-ciel.ca\/wp-content\/uploads\/Lisbon-376901-Liner-x1536-small.jpg\"><img loading=\"lazy\" decoding=\"async\" class=\"aligncenter size-full wp-image-5888\" src=\"https:\/\/art-en-ciel.ca\/wp-content\/uploads\/Lisbon-376901-Liner-x1536-small.jpg\" alt=\"Lisbon 376901 Liner x1536 small\" width=\"300\" height=\"251\" \/><\/a><\/p>\n<p>&nbsp;<\/p>\n<p><a href=\"https:\/\/art-en-ciel.ca\/wp-content\/uploads\/Dresden-638120_Flax123962323962_Changing-Seasons_T-Howe_small.jpg\"><img loading=\"lazy\" decoding=\"async\" class=\"aligncenter size-full wp-image-5882\" src=\"https:\/\/art-en-ciel.ca\/wp-content\/uploads\/Dresden-638120_Flax123962323962_Changing-Seasons_T-Howe_small.jpg\" alt=\"Dresden 638120_Flax123962&amp;323962_Changing Seasons_T Howe_small\" width=\"227\" height=\"200\" \/><\/a><\/p>\n<p>&nbsp;<\/p>\n<p>Les maries-louises sont aux toiles ce que sont les passe-partout aux \u0153uvres sur papier. Les deux servent de fronti\u00e8re et fournissent ainsi un espace ou l\u2019\u0153uvre peut &laquo;&nbsp;respirer&nbsp;&raquo; et \u00e9vite la distraction du regard, ce qui fait que le cadre n\u2019envahit pas l\u2019\u0153uvre d\u2019art. On peut ainsi se concentrer sur l\u2019\u0153uvre plut\u00f4t que sur les autres \u00e9l\u00e9ments du d\u00e9cor. La plupart des maries-louises sont aujourd\u2019hui couvertes de tissus, mais la premi\u00e8re g\u00e9n\u00e9ration \u00e9tait souvent dor\u00e9e.<\/p>\n<p>&nbsp;<\/p>\n<p><strong>SUPERPOSITION DE MOULURES<\/strong><\/p>\n<p>&nbsp;<\/p>\n<p><a href=\"https:\/\/art-en-ciel.ca\/wp-content\/uploads\/Gramercy-345791-346790_The-Path-To-Self-1-small.jpg\"><img loading=\"lazy\" decoding=\"async\" class=\"aligncenter size-full wp-image-5886\" src=\"https:\/\/art-en-ciel.ca\/wp-content\/uploads\/Gramercy-345791-346790_The-Path-To-Self-1-small.jpg\" alt=\"Gramercy 345791 &amp; 346790_The Path To Self 1 small\" width=\"300\" height=\"297\" srcset=\"https:\/\/art-en-ciel.ca\/wp-content\/uploads\/Gramercy-345791-346790_The-Path-To-Self-1-small.jpg 300w, https:\/\/art-en-ciel.ca\/wp-content\/uploads\/Gramercy-345791-346790_The-Path-To-Self-1-small-150x150.jpg 150w, https:\/\/art-en-ciel.ca\/wp-content\/uploads\/Gramercy-345791-346790_The-Path-To-Self-1-small-100x100.jpg 100w\" sizes=\"auto, (max-width: 300px) 100vw, 300px\" \/><\/a><\/p>\n<p>&nbsp;<\/p>\n<p><a href=\"https:\/\/art-en-ciel.ca\/wp-content\/uploads\/Mantilla-model-small.jpg\"><img loading=\"lazy\" decoding=\"async\" class=\"aligncenter size-full wp-image-5890\" src=\"https:\/\/art-en-ciel.ca\/wp-content\/uploads\/Mantilla-model-small.jpg\" alt=\"Mantilla model small\" width=\"200\" height=\"240\" \/><\/a><\/p>\n<p>Pendant des centaines d\u2019ann\u00e9es, deux moulures ou plus ont souvent \u00e9t\u00e9 combin\u00e9es pour cr\u00e9er un cadre. La superposition de moulures peut-\u00eatre utilis\u00e9es pour ajouter de la largeur, des couleurs, des motifs, etc.<\/p>\n<p>&nbsp;<\/p>\n<p><strong>CADRE FLOTTANT<\/strong><\/p>\n<p>&nbsp;<\/p>\n<p><a href=\"https:\/\/art-en-ciel.ca\/wp-content\/uploads\/158-Monterey-Red-Abstract-by-Anke-small.jpg\"><img loading=\"lazy\" decoding=\"async\" class=\"aligncenter size-full wp-image-5872\" src=\"https:\/\/art-en-ciel.ca\/wp-content\/uploads\/158-Monterey-Red-Abstract-by-Anke-small.jpg\" alt=\"158 Monterey Red Abstract by Anke small\" width=\"299\" height=\"300\" srcset=\"https:\/\/art-en-ciel.ca\/wp-content\/uploads\/158-Monterey-Red-Abstract-by-Anke-small.jpg 299w, https:\/\/art-en-ciel.ca\/wp-content\/uploads\/158-Monterey-Red-Abstract-by-Anke-small-150x150.jpg 150w, https:\/\/art-en-ciel.ca\/wp-content\/uploads\/158-Monterey-Red-Abstract-by-Anke-small-100x100.jpg 100w\" sizes=\"auto, (max-width: 299px) 100vw, 299px\" \/><\/a><\/p>\n<p>&nbsp;<\/p>\n<p><a href=\"https:\/\/art-en-ciel.ca\/wp-content\/uploads\/Gramercy-344791_-small.jpg\"><img loading=\"lazy\" decoding=\"async\" class=\"aligncenter size-full wp-image-5884\" src=\"https:\/\/art-en-ciel.ca\/wp-content\/uploads\/Gramercy-344791_-small.jpg\" alt=\"Gramercy 344791_ small\" width=\"167\" height=\"167\" srcset=\"https:\/\/art-en-ciel.ca\/wp-content\/uploads\/Gramercy-344791_-small.jpg 167w, https:\/\/art-en-ciel.ca\/wp-content\/uploads\/Gramercy-344791_-small-150x150.jpg 150w, https:\/\/art-en-ciel.ca\/wp-content\/uploads\/Gramercy-344791_-small-100x100.jpg 100w\" sizes=\"auto, (max-width: 167px) 100vw, 167px\" \/><\/a><\/p>\n<p>Un cadre flottant permet de pr\u00e9senter l\u2019art sans en couvrir le bord comme un cadre standard le ferait. Quand il est utilis\u00e9 seul, un cadre flottant est un design minimum. Cependant, vous pouvez ajouter d\u2019autres cadres autour du cadre flottant pour donner de l\u2019ampleur et de la personnalit\u00e9 \u00e0 votre design.<\/p>\n<p>&nbsp;<\/p>\n<p><strong>UNE PLATE-FORME<\/strong><\/p>\n<p><a href=\"https:\/\/art-en-ciel.ca\/wp-content\/uploads\/Acropolis-Asian-small.jpg\"><img loading=\"lazy\" decoding=\"async\" class=\"aligncenter size-full wp-image-5874\" src=\"https:\/\/art-en-ciel.ca\/wp-content\/uploads\/Acropolis-Asian-small.jpg\" alt=\"Acropolis Asian small\" width=\"250\" height=\"265\" \/><\/a><\/p>\n<p>&nbsp;<\/p>\n<p>Les enveloppements des bords du ch\u00e2ssis de type &laquo;&nbsp;galerie&nbsp;&raquo; sont tr\u00e8s r\u00e9pandus aujourd\u2019hui. Cela signifie que l\u2019\u0153uvre se poursuit sur les c\u00f4t\u00e9s du ch\u00e2ssis. Un encadrement typique de ce type d\u2019\u0153uvre cacherait tout simplement cette partie et si vous ne l\u2019encadrez pas, cela peut appara\u00eetre comme un travail non termin\u00e9 tout comme une maison sans agencement paysager ou une voiture sans roue. C\u2019est pourquoi en pla\u00e7ant cette toile au-dessus d\u2019un cadre vous donnez le fini n\u00e9cessaire \u00e0 l\u2019\u0153uvre sans rien couvrir de celle-ci.<\/p>\n<p>&nbsp;<\/p>\n<p>&nbsp;<\/p>\n<p><strong>ENCADREMENT D\u2019UN PASSE-PARTOUT DANS UN CADRE<\/strong><\/p>\n<p>&nbsp;<\/p>\n<p><a href=\"https:\/\/art-en-ciel.ca\/wp-content\/uploads\/PETITE_FM12-small.jpg\"><img loading=\"lazy\" decoding=\"async\" class=\"aligncenter size-full wp-image-5868\" src=\"https:\/\/art-en-ciel.ca\/wp-content\/uploads\/PETITE_FM12-small.jpg\" alt=\"PETITE_FM12 small\" width=\"245\" height=\"300\" \/><\/a><\/p>\n<p>&nbsp;<\/p>\n<p><a href=\"https:\/\/art-en-ciel.ca\/wp-content\/uploads\/Taffy-172405_parrot-small.jpg\"><img loading=\"lazy\" decoding=\"async\" class=\"aligncenter size-full wp-image-5870\" src=\"https:\/\/art-en-ciel.ca\/wp-content\/uploads\/Taffy-172405_parrot-small.jpg\" alt=\"Taffy 172405_parrot small\" width=\"200\" height=\"200\" srcset=\"https:\/\/art-en-ciel.ca\/wp-content\/uploads\/Taffy-172405_parrot-small.jpg 200w, https:\/\/art-en-ciel.ca\/wp-content\/uploads\/Taffy-172405_parrot-small-150x150.jpg 150w, https:\/\/art-en-ciel.ca\/wp-content\/uploads\/Taffy-172405_parrot-small-100x100.jpg 100w\" sizes=\"auto, (max-width: 200px) 100vw, 200px\" \/><\/a><\/p>\n<p>Habituellement nous ne recommandons pas l\u2019utilisation de passe-partout avec des \u0153uvres sur toile, mais il y a une exception. Ce passe-partout est en lin, il r\u00e9sistera donc au poids. Il s\u2019agit d\u2019un passe-partout d\u2019un seul tenant sans ouverture qui est coll\u00e9 sur un carton mousse, ce qui fait qu\u2019il ne peut se plisser. Il s\u2019agit d\u2019une bonne technique pour accro\u00eetre la taille totale du tableau et cela donne un aspect unique et original \u00e0 votre \u0153uvre.<\/p>\n<p>&nbsp;<\/p>\n<p><strong>Des id\u00e9es suppl\u00e9mentaires de design pour les toiles<\/strong><\/p>\n<p>&nbsp;<\/p>\n<p><img loading=\"lazy\" decoding=\"async\" class=\"aligncenter\" style=\"width: 124px; height: 130px;\" src=\"https:\/\/art-en-ciel.ca\/wp-content\/uploads\/Color4TL.jpg\" alt=\"\" width=\"787\" height=\"790\" \/><br \/>\n<img loading=\"lazy\" decoding=\"async\" class=\"aligncenter\" style=\"width: 127px; height: 129px;\" src=\"https:\/\/art-en-ciel.ca\/wp-content\/uploads\/Color4TR.jpg\" alt=\"\" width=\"865\" height=\"788\" \/><br \/>\n<img loading=\"lazy\" decoding=\"async\" class=\"aligncenter\" style=\"width: 124px; height: 130px;\" src=\"https:\/\/art-en-ciel.ca\/wp-content\/uploads\/Color4LL.jpg\" alt=\"\" width=\"787\" height=\"790\" \/><br \/>\n<img loading=\"lazy\" decoding=\"async\" class=\"aligncenter\" style=\"width: 124px; height: 130px;\" src=\"https:\/\/art-en-ciel.ca\/wp-content\/uploads\/Color4LR1.jpg\" alt=\"\" width=\"787\" height=\"790\" \/><\/p>\n<p>&nbsp;<\/p>\n<p>&nbsp;<\/p>\n<p>&nbsp;<\/p>\n<p>Comme montr\u00e9 au salon de l\u2019encadrement de Las Vegas en 2011&#8230;<\/p>\n<p>Une toile a \u00e9t\u00e9 coup\u00e9e en quatre morceaux et encadr\u00e9e comme un groupe contenant des maries-louises et des cadres.<\/p>\n<p>&nbsp;<\/p>\n<p><strong>Astuce\u00a0:<\/strong><\/p>\n<p>Les \u0153uvres sur toile sont rarement couvertes de verre ou d\u2019acrylique transparents. Toutefois, on peut parfois couvrir les toiles fragiles ou de grande valeur si elles doivent \u00eatre expos\u00e9es dans un endroit \u00e0 haut risque o\u00f9 elles peuvent \u00eatre touch\u00e9es ou heurt\u00e9es ou bien encore subir des polluants tel que la fum\u00e9e ou des graisses.<\/p>\n<p>&nbsp;<\/p>\n<p style=\"text-align: right;\">Traduction Art-en-Ciel &#8211; Credit : Larson Juhl<\/p>\n","protected":false},"excerpt":{"rendered":"<p>Il y a six diff\u00e9rentes fa\u00e7ons d\u2019encadrer ou de pr\u00e9senter une toile. Bien s\u00fbr le fait qu\u2019il existe un nombre \u00e9lev\u00e9 de moulures rend vos choix de design presque infini.<br \/>\n&nbsp;<br \/>\nMOULURE SIMPLE<br \/>\n&nbsp;<\/p>\n<p>&nbsp;<br \/>\n&nbsp;<\/p>\n<p>&nbsp;<br \/>\nQuand une seule baguette est utilis\u00e9e, pensez que celle-ci doit compenser ce qui n\u2019est pas pr\u00e9sent. Par exemple, un passe-partout et des filets ajouteraient une touche de couleur et de texture \u00e0 votre design en comparaison de la m\u00eame \u0153uvre sur &#8230;<\/p>\n","protected":false},"author":26,"featured_media":0,"parent":6051,"menu_order":0,"comment_status":"closed","ping_status":"closed","template":"template_leftnav.php","meta":{"footnotes":""},"class_list":["post-6049","page","type-page","status-publish","hentry"],"_links":{"self":[{"href":"https:\/\/art-en-ciel.ca\/fr\/wp-json\/wp\/v2\/pages\/6049","targetHints":{"allow":["GET"]}}],"collection":[{"href":"https:\/\/art-en-ciel.ca\/fr\/wp-json\/wp\/v2\/pages"}],"about":[{"href":"https:\/\/art-en-ciel.ca\/fr\/wp-json\/wp\/v2\/types\/page"}],"author":[{"embeddable":true,"href":"https:\/\/art-en-ciel.ca\/fr\/wp-json\/wp\/v2\/users\/26"}],"replies":[{"embeddable":true,"href":"https:\/\/art-en-ciel.ca\/fr\/wp-json\/wp\/v2\/comments?post=6049"}],"version-history":[{"count":24,"href":"https:\/\/art-en-ciel.ca\/fr\/wp-json\/wp\/v2\/pages\/6049\/revisions"}],"predecessor-version":[{"id":6511,"href":"https:\/\/art-en-ciel.ca\/fr\/wp-json\/wp\/v2\/pages\/6049\/revisions\/6511"}],"up":[{"embeddable":true,"href":"https:\/\/art-en-ciel.ca\/fr\/wp-json\/wp\/v2\/pages\/6051"}],"wp:attachment":[{"href":"https:\/\/art-en-ciel.ca\/fr\/wp-json\/wp\/v2\/media?parent=6049"}],"curies":[{"name":"wp","href":"https:\/\/api.w.org\/{rel}","templated":true}]}}