{"id":5496,"date":"2013-06-04T06:18:14","date_gmt":"2013-06-04T06:18:14","guid":{"rendered":"http:\/\/web2.art-en-ciel.ca\/?page_id=5496"},"modified":"2013-06-04T06:18:14","modified_gmt":"2013-06-04T06:18:14","slug":"encadrement","status":"publish","type":"page","link":"https:\/\/art-en-ciel.ca\/fr\/services-2\/encadrement","title":{"rendered":"Encadrement"},"content":{"rendered":"<p>Nous offrons <span style=\"text-decoration: underline\">un vaste choix de moulures et de de passe-partout<\/span> parmi lesquels vous trouverez certainement la combinaison id\u00e9ale qui conviendra \u00e0 l&rsquo;objet que vous voulez prot\u00e9ger et mettre en valeur. Apr\u00e8s discussion avec vous nous vous proposerons plusieurs design et nous vous aiderons \u00e0 <span style=\"text-decoration: underline\">choisir celui qui vous satisfera le plus<\/span>. Une fois votre choix fait, nos encadreurs d&rsquo;exp\u00e9rience assembleront sur place votre cadre.<\/p>\n","protected":false},"excerpt":{"rendered":"<p>Nous offrons un vaste choix de moulures et de de passe-partout parmi lesquels vous trouverez certainement la combinaison id\u00e9ale qui conviendra \u00e0 l&rsquo;objet que vous voulez prot\u00e9ger et mettre en valeur. Apr\u00e8s discussion avec vous nous vous proposerons plusieurs design et nous vous aiderons \u00e0 choisir celui qui vous satisfera le plus. Une fois votre choix fait, nos encadreurs d&rsquo;exp\u00e9rience assembleront sur place votre cadre.<\/p>\n","protected":false},"author":26,"featured_media":0,"parent":5494,"menu_order":0,"comment_status":"open","ping_status":"open","template":"template_leftnav.php","meta":{"footnotes":""},"class_list":["post-5496","page","type-page","status-publish","hentry"],"_links":{"self":[{"href":"https:\/\/art-en-ciel.ca\/fr\/wp-json\/wp\/v2\/pages\/5496","targetHints":{"allow":["GET"]}}],"collection":[{"href":"https:\/\/art-en-ciel.ca\/fr\/wp-json\/wp\/v2\/pages"}],"about":[{"href":"https:\/\/art-en-ciel.ca\/fr\/wp-json\/wp\/v2\/types\/page"}],"author":[{"embeddable":true,"href":"https:\/\/art-en-ciel.ca\/fr\/wp-json\/wp\/v2\/users\/26"}],"replies":[{"embeddable":true,"href":"https:\/\/art-en-ciel.ca\/fr\/wp-json\/wp\/v2\/comments?post=5496"}],"version-history":[{"count":1,"href":"https:\/\/art-en-ciel.ca\/fr\/wp-json\/wp\/v2\/pages\/5496\/revisions"}],"predecessor-version":[{"id":5497,"href":"https:\/\/art-en-ciel.ca\/fr\/wp-json\/wp\/v2\/pages\/5496\/revisions\/5497"}],"up":[{"embeddable":true,"href":"https:\/\/art-en-ciel.ca\/fr\/wp-json\/wp\/v2\/pages\/5494"}],"wp:attachment":[{"href":"https:\/\/art-en-ciel.ca\/fr\/wp-json\/wp\/v2\/media?parent=5496"}],"curies":[{"name":"wp","href":"https:\/\/api.w.org\/{rel}","templated":true}]}}