{"id":5491,"date":"2013-06-04T06:15:15","date_gmt":"2013-06-04T06:15:15","guid":{"rendered":"http:\/\/web2.art-en-ciel.ca\/?page_id=5491"},"modified":"2013-06-04T06:15:15","modified_gmt":"2013-06-04T06:15:15","slug":"expositions-darts","status":"publish","type":"page","link":"https:\/\/art-en-ciel.ca\/fr\/services-2\/expositions-darts","title":{"rendered":"Expositions d&rsquo;Arts"},"content":{"rendered":"<p>Un des objectifs du magasin d&rsquo;encadrement Art en Ciel est de montrer \u00e0 notre public des artistes vari\u00e9s de diff\u00e9rents styles et avec des ponts de vue artistiques diff\u00e9rents. Nous essayons d\u2019encourager la communaut\u00e9 artistique locale et internationale en donnant aux artistes la possibilit\u00e9 d&rsquo;exposer leur travail dans notre vitrine sur nos murs et sur notre site web ainsi que ^-ar la cr\u00e9ation d&rsquo;\u00e9v\u00e8nements. Naturellement, nous s\u00e9lectionnons les artistes ayant un haut niveau de qualit\u00e9 afin qu&rsquo;il repr\u00e9sente bien le haut niveau de qualit\u00e9 que nous mettons dans l&rsquo;ensemble des produits et des services que nous vendons.<\/p>\n","protected":false},"excerpt":{"rendered":"<p>Un des objectifs du magasin d&rsquo;encadrement Art en Ciel est de montrer \u00e0 notre public des artistes vari\u00e9s de diff\u00e9rents styles et avec des ponts de vue artistiques diff\u00e9rents. Nous essayons d\u2019encourager la communaut\u00e9 artistique locale et internationale en donnant aux artistes la possibilit\u00e9 d&rsquo;exposer leur travail dans notre vitrine sur nos murs et sur notre site web ainsi que ^-ar la cr\u00e9ation d&rsquo;\u00e9v\u00e8nements. Naturellement, nous s\u00e9lectionnons les artistes ayant un haut niveau de qualit\u00e9 afin qu&rsquo;il repr\u00e9sente bien le &#8230;<\/p>\n","protected":false},"author":26,"featured_media":0,"parent":5494,"menu_order":0,"comment_status":"open","ping_status":"open","template":"template_leftnav.php","meta":{"footnotes":""},"class_list":["post-5491","page","type-page","status-publish","hentry"],"_links":{"self":[{"href":"https:\/\/art-en-ciel.ca\/fr\/wp-json\/wp\/v2\/pages\/5491","targetHints":{"allow":["GET"]}}],"collection":[{"href":"https:\/\/art-en-ciel.ca\/fr\/wp-json\/wp\/v2\/pages"}],"about":[{"href":"https:\/\/art-en-ciel.ca\/fr\/wp-json\/wp\/v2\/types\/page"}],"author":[{"embeddable":true,"href":"https:\/\/art-en-ciel.ca\/fr\/wp-json\/wp\/v2\/users\/26"}],"replies":[{"embeddable":true,"href":"https:\/\/art-en-ciel.ca\/fr\/wp-json\/wp\/v2\/comments?post=5491"}],"version-history":[{"count":1,"href":"https:\/\/art-en-ciel.ca\/fr\/wp-json\/wp\/v2\/pages\/5491\/revisions"}],"predecessor-version":[{"id":5492,"href":"https:\/\/art-en-ciel.ca\/fr\/wp-json\/wp\/v2\/pages\/5491\/revisions\/5492"}],"up":[{"embeddable":true,"href":"https:\/\/art-en-ciel.ca\/fr\/wp-json\/wp\/v2\/pages\/5494"}],"wp:attachment":[{"href":"https:\/\/art-en-ciel.ca\/fr\/wp-json\/wp\/v2\/media?parent=5491"}],"curies":[{"name":"wp","href":"https:\/\/api.w.org\/{rel}","templated":true}]}}